{"id":591,"date":"2020-02-10T07:16:44","date_gmt":"2020-02-10T04:16:44","guid":{"rendered":"http:\/\/seeteckenya.com\/shop\/?post_type=product&#038;p=591"},"modified":"2022-02-16T07:49:41","modified_gmt":"2022-02-16T04:49:41","slug":"pop-rivet-gun","status":"publish","type":"product","link":"https:\/\/www.alltechkenya.com\/shop\/product\/pop-rivet-gun\/","title":{"rendered":"Pop Rivet Gun"},"content":{"rendered":"<p><span class=\"a-list-item\">Suitable Range: Core pulling riveting for materials such as steel, AI with \u00f83.2mm, \u00f84.0mm, \u00f84.8mm, \u00f86.0mm and \u00f86.4mm<\/span><\/p>\n","protected":false},"excerpt":{"rendered":"<ul>\n<li>Suitable with steel and aluminum pop rivets<\/li>\n<li>Complete with nose spanner and 3 interchangeable noses<\/li>\n<\/ul>\n","protected":false},"featured_media":876,"template":"","meta":[],"product_cat":[20],"product_tag":[],"class_list":{"0":"post-591","1":"product","2":"type-product","3":"status-publish","4":"has-post-thumbnail","6":"product_cat-razor-electric-fence","8":"first","9":"instock","10":"shipping-taxable","11":"purchasable","12":"product-type-simple"},"yoast_head":"<!-- This site is optimized with the Yoast SEO Premium plugin v23.7 (Yoast SEO v25.2) - https:\/\/yoast.com\/wordpress\/plugins\/seo\/ -->\n<title>Pop Rivet Gun Kenya Suppliers Kenya - Seetec Store<\/title>\n<meta name=\"description\" content=\"Pop Rivet Gun Kenya. At Seetec Store we supply quality foldable pop rivet gun and related products\/services in Kenya. Call 0719402315 today\" \/>\n<meta name=\"robots\" content=\"index, follow, max-snippet:-1, max-image-preview:large, max-video-preview:-1\" \/>\n<link rel=\"canonical\" href=\"https:\/\/www.alltechkenya.com\/shop\/product\/pop-rivet-gun\/\" \/>\n<meta property=\"og:locale\" content=\"en_US\" \/>\n<meta property=\"og:type\" content=\"article\" \/>\n<meta property=\"og:title\" content=\"Pop Rivet Gun\" \/>\n<meta property=\"og:description\" content=\"Pop Rivet Gun Kenya. At Seetec Store we supply quality foldable pop rivet gun and related products\/services in Kenya. Call 0719402315 today\" \/>\n<meta property=\"og:url\" content=\"https:\/\/www.alltechkenya.com\/shop\/product\/pop-rivet-gun\/\" \/>\n<meta property=\"og:site_name\" content=\"Alltech Kenya -Shop\" \/>\n<meta property=\"article:modified_time\" content=\"2022-02-16T04:49:41+00:00\" \/>\n<meta property=\"og:image\" content=\"https:\/\/www.alltechkenya.com\/shop\/wp-content\/uploads\/2020\/02\/Pop-Rivet-Gun.jpg\" \/>\n\t<meta property=\"og:image:width\" content=\"500\" \/>\n\t<meta property=\"og:image:height\" content=\"500\" \/>\n\t<meta property=\"og:image:type\" content=\"image\/jpeg\" \/>\n<meta name=\"twitter:card\" content=\"summary_large_image\" \/>\n<script type=\"application\/ld+json\" class=\"yoast-schema-graph\">{\"@context\":\"https:\/\/schema.org\",\"@graph\":[{\"@type\":\"WebPage\",\"@id\":\"https:\/\/www.alltechkenya.com\/shop\/product\/pop-rivet-gun\/\",\"url\":\"https:\/\/www.alltechkenya.com\/shop\/product\/pop-rivet-gun\/\",\"name\":\"Pop Rivet Gun Kenya Suppliers Kenya - Seetec Store\",\"isPartOf\":{\"@id\":\"https:\/\/www.alltechkenya.com\/shop\/#website\"},\"primaryImageOfPage\":{\"@id\":\"https:\/\/www.alltechkenya.com\/shop\/product\/pop-rivet-gun\/#primaryimage\"},\"image\":{\"@id\":\"https:\/\/www.alltechkenya.com\/shop\/product\/pop-rivet-gun\/#primaryimage\"},\"thumbnailUrl\":\"https:\/\/www.alltechkenya.com\/shop\/wp-content\/uploads\/2020\/02\/Pop-Rivet-Gun.jpg\",\"datePublished\":\"2020-02-10T04:16:44+00:00\",\"dateModified\":\"2022-02-16T04:49:41+00:00\",\"description\":\"Pop Rivet Gun Kenya. At Seetec Store we supply quality foldable pop rivet gun and related products\/services in Kenya. Call 0719402315 today\",\"breadcrumb\":{\"@id\":\"https:\/\/www.alltechkenya.com\/shop\/product\/pop-rivet-gun\/#breadcrumb\"},\"inLanguage\":\"en-US\",\"potentialAction\":[{\"@type\":\"ReadAction\",\"target\":[\"https:\/\/www.alltechkenya.com\/shop\/product\/pop-rivet-gun\/\"]}]},{\"@type\":\"ImageObject\",\"inLanguage\":\"en-US\",\"@id\":\"https:\/\/www.alltechkenya.com\/shop\/product\/pop-rivet-gun\/#primaryimage\",\"url\":\"https:\/\/www.alltechkenya.com\/shop\/wp-content\/uploads\/2020\/02\/Pop-Rivet-Gun.jpg\",\"contentUrl\":\"https:\/\/www.alltechkenya.com\/shop\/wp-content\/uploads\/2020\/02\/Pop-Rivet-Gun.jpg\",\"width\":500,\"height\":500,\"caption\":\"Pop Rivet Gun Kenya\"},{\"@type\":\"BreadcrumbList\",\"@id\":\"https:\/\/www.alltechkenya.com\/shop\/product\/pop-rivet-gun\/#breadcrumb\",\"itemListElement\":[{\"@type\":\"ListItem\",\"position\":1,\"name\":\"Home\",\"item\":\"https:\/\/www.alltechkenya.com\/shop\/\"},{\"@type\":\"ListItem\",\"position\":2,\"name\":\"Shop\",\"item\":\"https:\/\/www.alltechkenya.com\/shop\/shop\/\"},{\"@type\":\"ListItem\",\"position\":3,\"name\":\"Pop Rivet Gun\"}]},{\"@type\":\"WebSite\",\"@id\":\"https:\/\/www.alltechkenya.com\/shop\/#website\",\"url\":\"https:\/\/www.alltechkenya.com\/shop\/\",\"name\":\"Alltech Security Systems\",\"description\":\"Security Systems Supplier\",\"publisher\":{\"@id\":\"https:\/\/www.alltechkenya.com\/shop\/#organization\"},\"potentialAction\":[{\"@type\":\"SearchAction\",\"target\":{\"@type\":\"EntryPoint\",\"urlTemplate\":\"https:\/\/www.alltechkenya.com\/shop\/?s={search_term_string}\"},\"query-input\":{\"@type\":\"PropertyValueSpecification\",\"valueRequired\":true,\"valueName\":\"search_term_string\"}}],\"inLanguage\":\"en-US\"},{\"@type\":\"Organization\",\"@id\":\"https:\/\/www.alltechkenya.com\/shop\/#organization\",\"name\":\"Alltech Security Systems\",\"url\":\"https:\/\/www.alltechkenya.com\/shop\/\",\"logo\":{\"@type\":\"ImageObject\",\"inLanguage\":\"en-US\",\"@id\":\"https:\/\/www.alltechkenya.com\/shop\/#\/schema\/logo\/image\/\",\"url\":\"https:\/\/www.alltechkenya.com\/shop\/wp-content\/uploads\/2023\/06\/cropped-logo-2.png\",\"contentUrl\":\"https:\/\/www.alltechkenya.com\/shop\/wp-content\/uploads\/2023\/06\/cropped-logo-2.png\",\"width\":217,\"height\":46,\"caption\":\"Alltech Security Systems\"},\"image\":{\"@id\":\"https:\/\/www.alltechkenya.com\/shop\/#\/schema\/logo\/image\/\"}}]}<\/script>\n<!-- \/ Yoast SEO Premium plugin. -->","yoast_head_json":{"title":"Pop Rivet Gun Kenya Suppliers Kenya - Seetec Store","description":"Pop Rivet Gun Kenya. At Seetec Store we supply quality foldable pop rivet gun and related products\/services in Kenya. Call 0719402315 today","robots":{"index":"index","follow":"follow","max-snippet":"max-snippet:-1","max-image-preview":"max-image-preview:large","max-video-preview":"max-video-preview:-1"},"canonical":"https:\/\/www.alltechkenya.com\/shop\/product\/pop-rivet-gun\/","og_locale":"en_US","og_type":"article","og_title":"Pop Rivet Gun","og_description":"Pop Rivet Gun Kenya. At Seetec Store we supply quality foldable pop rivet gun and related products\/services in Kenya. Call 0719402315 today","og_url":"https:\/\/www.alltechkenya.com\/shop\/product\/pop-rivet-gun\/","og_site_name":"Alltech Kenya -Shop","article_modified_time":"2022-02-16T04:49:41+00:00","og_image":[{"width":500,"height":500,"url":"https:\/\/www.alltechkenya.com\/shop\/wp-content\/uploads\/2020\/02\/Pop-Rivet-Gun.jpg","type":"image\/jpeg"}],"twitter_card":"summary_large_image","schema":{"@context":"https:\/\/schema.org","@graph":[{"@type":"WebPage","@id":"https:\/\/www.alltechkenya.com\/shop\/product\/pop-rivet-gun\/","url":"https:\/\/www.alltechkenya.com\/shop\/product\/pop-rivet-gun\/","name":"Pop Rivet Gun Kenya Suppliers Kenya - Seetec Store","isPartOf":{"@id":"https:\/\/www.alltechkenya.com\/shop\/#website"},"primaryImageOfPage":{"@id":"https:\/\/www.alltechkenya.com\/shop\/product\/pop-rivet-gun\/#primaryimage"},"image":{"@id":"https:\/\/www.alltechkenya.com\/shop\/product\/pop-rivet-gun\/#primaryimage"},"thumbnailUrl":"https:\/\/www.alltechkenya.com\/shop\/wp-content\/uploads\/2020\/02\/Pop-Rivet-Gun.jpg","datePublished":"2020-02-10T04:16:44+00:00","dateModified":"2022-02-16T04:49:41+00:00","description":"Pop Rivet Gun Kenya. At Seetec Store we supply quality foldable pop rivet gun and related products\/services in Kenya. Call 0719402315 today","breadcrumb":{"@id":"https:\/\/www.alltechkenya.com\/shop\/product\/pop-rivet-gun\/#breadcrumb"},"inLanguage":"en-US","potentialAction":[{"@type":"ReadAction","target":["https:\/\/www.alltechkenya.com\/shop\/product\/pop-rivet-gun\/"]}]},{"@type":"ImageObject","inLanguage":"en-US","@id":"https:\/\/www.alltechkenya.com\/shop\/product\/pop-rivet-gun\/#primaryimage","url":"https:\/\/www.alltechkenya.com\/shop\/wp-content\/uploads\/2020\/02\/Pop-Rivet-Gun.jpg","contentUrl":"https:\/\/www.alltechkenya.com\/shop\/wp-content\/uploads\/2020\/02\/Pop-Rivet-Gun.jpg","width":500,"height":500,"caption":"Pop Rivet Gun Kenya"},{"@type":"BreadcrumbList","@id":"https:\/\/www.alltechkenya.com\/shop\/product\/pop-rivet-gun\/#breadcrumb","itemListElement":[{"@type":"ListItem","position":1,"name":"Home","item":"https:\/\/www.alltechkenya.com\/shop\/"},{"@type":"ListItem","position":2,"name":"Shop","item":"https:\/\/www.alltechkenya.com\/shop\/shop\/"},{"@type":"ListItem","position":3,"name":"Pop Rivet Gun"}]},{"@type":"WebSite","@id":"https:\/\/www.alltechkenya.com\/shop\/#website","url":"https:\/\/www.alltechkenya.com\/shop\/","name":"Alltech Security Systems","description":"Security Systems Supplier","publisher":{"@id":"https:\/\/www.alltechkenya.com\/shop\/#organization"},"potentialAction":[{"@type":"SearchAction","target":{"@type":"EntryPoint","urlTemplate":"https:\/\/www.alltechkenya.com\/shop\/?s={search_term_string}"},"query-input":{"@type":"PropertyValueSpecification","valueRequired":true,"valueName":"search_term_string"}}],"inLanguage":"en-US"},{"@type":"Organization","@id":"https:\/\/www.alltechkenya.com\/shop\/#organization","name":"Alltech Security Systems","url":"https:\/\/www.alltechkenya.com\/shop\/","logo":{"@type":"ImageObject","inLanguage":"en-US","@id":"https:\/\/www.alltechkenya.com\/shop\/#\/schema\/logo\/image\/","url":"https:\/\/www.alltechkenya.com\/shop\/wp-content\/uploads\/2023\/06\/cropped-logo-2.png","contentUrl":"https:\/\/www.alltechkenya.com\/shop\/wp-content\/uploads\/2023\/06\/cropped-logo-2.png","width":217,"height":46,"caption":"Alltech Security Systems"},"image":{"@id":"https:\/\/www.alltechkenya.com\/shop\/#\/schema\/logo\/image\/"}}]}},"_links":{"self":[{"href":"https:\/\/www.alltechkenya.com\/shop\/wp-json\/wp\/v2\/product\/591","targetHints":{"allow":["GET"]}}],"collection":[{"href":"https:\/\/www.alltechkenya.com\/shop\/wp-json\/wp\/v2\/product"}],"about":[{"href":"https:\/\/www.alltechkenya.com\/shop\/wp-json\/wp\/v2\/types\/product"}],"wp:featuredmedia":[{"embeddable":true,"href":"https:\/\/www.alltechkenya.com\/shop\/wp-json\/wp\/v2\/media\/876"}],"wp:attachment":[{"href":"https:\/\/www.alltechkenya.com\/shop\/wp-json\/wp\/v2\/media?parent=591"}],"wp:term":[{"taxonomy":"product_cat","embeddable":true,"href":"https:\/\/www.alltechkenya.com\/shop\/wp-json\/wp\/v2\/product_cat?post=591"},{"taxonomy":"product_tag","embeddable":true,"href":"https:\/\/www.alltechkenya.com\/shop\/wp-json\/wp\/v2\/product_tag?post=591"}],"curies":[{"name":"wp","href":"https:\/\/api.w.org\/{rel}","templated":true}]}}